{"id":1610,"date":"2020-05-23T14:18:55","date_gmt":"2020-05-23T12:18:55","guid":{"rendered":"https:\/\/inurritzajubilatuak.eus\/clausula-del-formulario\/"},"modified":"2020-12-06T12:09:02","modified_gmt":"2020-12-06T11:09:02","slug":"clausula-del-formulario","status":"publish","type":"page","link":"https:\/\/inurritzajubilatuak.eus\/es\/clausula-del-formulario\/","title":{"rendered":"CLA\u00daSULA DEL FORMULARIO"},"content":{"rendered":"<p>[et_pb_section fb_built=\u00bb1&#8243; prev_background_color=\u00bb#ffffff\u00bb _builder_version=\u00bb4.7.4&#8243; background_color=\u00bb#e3efe3&#8243; module_alignment=\u00bbcenter\u00bb top_divider_style=\u00bbclouds\u00bb top_divider_height=\u00bb327px\u00bb bottom_divider_style=\u00bbcurve2&#8243; bottom_divider_color=\u00bb#ffffff\u00bb bottom_divider_height=\u00bb339px\u00bb hover_enabled=\u00bb0&#8243; module_alignment_tablet=\u00bb\u00bb module_alignment_phone=\u00bb\u00bb module_alignment_last_edited=\u00bbon|phone\u00bb animation_style=\u00bbfade\u00bb sticky_enabled=\u00bb0&#8243;][et_pb_row make_equal=\u00bbon\u00bb _builder_version=\u00bb4.4.6&#8243; width_tablet=\u00bb\u00bb width_phone=\u00bb\u00bb width_last_edited=\u00bbon|tablet\u00bb max_width=\u00bbnone\u00bb max_width_tablet=\u00bb\u00bb max_width_phone=\u00bb\u00bb max_width_last_edited=\u00bbon|desktop\u00bb module_alignment=\u00bbcenter\u00bb custom_margin=\u00bb||||false|false\u00bb custom_margin_tablet=\u00bb|||0px|false|false\u00bb custom_margin_phone=\u00bb||||false|false\u00bb custom_margin_last_edited=\u00bbon|tablet\u00bb module_alignment_tablet=\u00bbcenter\u00bb module_alignment_phone=\u00bbcenter\u00bb module_alignment_last_edited=\u00bbon|desktop\u00bb][et_pb_column type=\u00bb4_4&#8243; _builder_version=\u00bb4.0.5&#8243;][et_pb_text _builder_version=\u00bb4.4.7&#8243; header_font=\u00bbRochester||||||||\u00bb header_font_size=\u00bb68px\u00bb header_font_size_tablet=\u00bb\u00bb header_font_size_phone=\u00bb56px\u00bb header_font_size_last_edited=\u00bbon|desktop\u00bb]<\/p>\n<h1>Cl\u00e1usula del formulario<\/h1>\n<p>[\/et_pb_text][et_pb_text _builder_version=\u00bb4.4.7&#8243; text_font=\u00bb|300|||||||\u00bb text_font_size=\u00bb20px\u00bb custom_margin=\u00bb||37px|||\u00bb custom_padding=\u00bb|0px||||\u00bb]<\/p>\n<p><strong>Informaci\u00f3n B\u00e1sica sobre Protecci\u00f3n de datos:<\/strong><\/p>\n<p>&nbsp;<\/p>\n<p><span style=\"font-weight: 400;\"><strong>Responsable:<\/strong>\u00a0INURRITZA JUBILATU ETA PENTSIONISTEN ELKARTEA<\/span><\/p>\n<p><span style=\"font-weight: 400;\"><strong>Finalidad de la recogida y tratamiento de los datos personales:<\/strong> gestionar la solicitud que realizas en este formulario de contacto.<\/span><\/p>\n<p><span style=\"font-weight: 400;\"><strong>Derechos:<\/strong> Podr\u00e1s ejercer tus derechos de acceso, rectificaci\u00f3n, limitaci\u00f3n y suprimir los datos en <a href=\"mailto:info@inurritzajubilatuak.eus\">info@inurritzajubilatuak.eus<\/a> as\u00ed c\u00f3mo el derecho a presentar una reclamaci\u00f3n ante una autoridad de control.<\/span><\/p>\n<p><span style=\"font-weight: 400;\"><strong>Informaci\u00f3n adicional<\/strong>: En la <a href=\"https:\/\/inurritzajubilatuak.eus\/es\/politica-de-privacidad\/\">Pol\u00edtica de Privacidad<\/a> de <a href=\"http:\/\/www.inurritzajubilatuak.eus\">WWW.INURRITZAJUBILATUAK.EUS<\/a>, encontrar\u00e1s informaci\u00f3n sobre acceso, conservaci\u00f3n, rectificaci\u00f3n, eliminaci\u00f3n, seguridad, y otros temas..<\/span><\/p>\n<p>&nbsp;<\/p>\n<p>&nbsp;<\/p>\n<p>[\/et_pb_text][\/et_pb_column][\/et_pb_row][\/et_pb_section][et_pb_section fb_built=\u00bb1&#8243; _builder_version=\u00bb4.4.6&#8243; background_color=\u00bb#e3efe3&#8243; module_alignment=\u00bbcenter\u00bb top_divider_style=\u00bbcurve2&#8243; top_divider_color=\u00bb#ffffff\u00bb top_divider_height=\u00bb59px\u00bb bottom_divider_style=\u00bbarrow2&#8243; bottom_divider_color=\u00bb#277C79&#8243;][\/et_pb_section]<\/p>\n","protected":false},"excerpt":{"rendered":"<p>Cl\u00e1usula del formularioInformaci\u00f3n B\u00e1sica sobre Protecci\u00f3n de datos: &nbsp; Responsable:\u00a0INURRITZA JUBILATU ETA PENTSIONISTEN ELKARTEA Finalidad de la recogida y tratamiento de los datos personales: gestionar la solicitud que realizas en este formulario de contacto. Derechos: Podr\u00e1s ejercer tus derechos de acceso, rectificaci\u00f3n, limitaci\u00f3n y suprimir los datos en info@inurritzajubilatuak.eus as\u00ed c\u00f3mo el derecho a presentar [&hellip;]<\/p>\n","protected":false},"author":3,"featured_media":0,"parent":0,"menu_order":0,"comment_status":"closed","ping_status":"closed","template":"","meta":{"_et_pb_use_builder":"on","_et_pb_old_content":"","_et_gb_content_width":"","footnotes":""},"class_list":["post-1610","page","type-page","status-publish","hentry"],"_links":{"self":[{"href":"https:\/\/inurritzajubilatuak.eus\/es\/wp-json\/wp\/v2\/pages\/1610","targetHints":{"allow":["GET"]}}],"collection":[{"href":"https:\/\/inurritzajubilatuak.eus\/es\/wp-json\/wp\/v2\/pages"}],"about":[{"href":"https:\/\/inurritzajubilatuak.eus\/es\/wp-json\/wp\/v2\/types\/page"}],"author":[{"embeddable":true,"href":"https:\/\/inurritzajubilatuak.eus\/es\/wp-json\/wp\/v2\/users\/3"}],"replies":[{"embeddable":true,"href":"https:\/\/inurritzajubilatuak.eus\/es\/wp-json\/wp\/v2\/comments?post=1610"}],"version-history":[{"count":9,"href":"https:\/\/inurritzajubilatuak.eus\/es\/wp-json\/wp\/v2\/pages\/1610\/revisions"}],"predecessor-version":[{"id":2717,"href":"https:\/\/inurritzajubilatuak.eus\/es\/wp-json\/wp\/v2\/pages\/1610\/revisions\/2717"}],"wp:attachment":[{"href":"https:\/\/inurritzajubilatuak.eus\/es\/wp-json\/wp\/v2\/media?parent=1610"}],"curies":[{"name":"wp","href":"https:\/\/api.w.org\/{rel}","templated":true}]}}