{"id":1433,"date":"2020-05-21T17:58:04","date_gmt":"2020-05-21T15:58:04","guid":{"rendered":"https:\/\/inurritzajubilatuak.eus\/politica-de-privacidad\/"},"modified":"2020-12-06T14:55:43","modified_gmt":"2020-12-06T13:55:43","slug":"politica-de-privacidad","status":"publish","type":"page","link":"https:\/\/inurritzajubilatuak.eus\/es\/politica-de-privacidad\/","title":{"rendered":"POL\u00cdTICA DE PRIVACIDAD"},"content":{"rendered":"<p>[et_pb_section fb_built=\u00bb1&#8243; prev_background_color=\u00bb#ffffff\u00bb _builder_version=\u00bb4.7.4&#8243; background_color=\u00bb#e3efe3&#8243; module_alignment=\u00bbcenter\u00bb top_divider_style=\u00bbclouds\u00bb top_divider_height=\u00bb327px\u00bb bottom_divider_style=\u00bbcurve2&#8243; bottom_divider_color=\u00bb#ffffff\u00bb bottom_divider_height=\u00bb339px\u00bb animation_style=\u00bbfade\u00bb module_alignment_tablet=\u00bb\u00bb module_alignment_phone=\u00bb\u00bb module_alignment_last_edited=\u00bbon|phone\u00bb][et_pb_row make_equal=\u00bbon\u00bb _builder_version=\u00bb4.4.6&#8243; width_tablet=\u00bb\u00bb width_phone=\u00bb\u00bb width_last_edited=\u00bbon|tablet\u00bb max_width=\u00bbnone\u00bb max_width_tablet=\u00bb\u00bb max_width_phone=\u00bb\u00bb max_width_last_edited=\u00bbon|desktop\u00bb module_alignment=\u00bbcenter\u00bb custom_margin=\u00bb||||false|false\u00bb custom_margin_tablet=\u00bb|||0px|false|false\u00bb custom_margin_phone=\u00bb||||false|false\u00bb custom_margin_last_edited=\u00bbon|tablet\u00bb module_alignment_tablet=\u00bbcenter\u00bb module_alignment_phone=\u00bbcenter\u00bb module_alignment_last_edited=\u00bbon|desktop\u00bb][et_pb_column type=\u00bb4_4&#8243; _builder_version=\u00bb4.0.5&#8243;][et_pb_menu _builder_version=\u00bb4.7.4&#8243; _module_preset=\u00bbdefault\u00bb menu_id=\u00bb34&#8243; hover_enabled=\u00bb0&#8243; sticky_enabled=\u00bb0&#8243; menu_style=\u00bbcentered\u00bb background_color=\u00bbrgba(0,0,0,0)\u00bb][\/et_pb_menu][et_pb_text _builder_version=\u00bb4.4.7&#8243; header_font=\u00bbRochester||||||||\u00bb header_font_size=\u00bb68px\u00bb header_font_size_tablet=\u00bb\u00bb header_font_size_phone=\u00bb56px\u00bb header_font_size_last_edited=\u00bbon|desktop\u00bb]<\/p>\n<h1>Pol\u00edtica de privacidad<\/h1>\n<p>[\/et_pb_text][et_pb_text _builder_version=\u00bb4.7.4&#8243; text_font=\u00bb|300|||||||\u00bb text_font_size=\u00bb20px\u00bb custom_margin=\u00bb||37px|||\u00bb custom_padding=\u00bb|0px||||\u00bb]<\/p>\n<h3><strong>INFORMACI\u00d3N ADICIONAL SOBRE PROTECCI\u00d3N DE DATOS.<\/strong><\/h3>\n<p>&nbsp;<\/p>\n<p><span style=\"font-weight: 400;\">Lo que se hace y no se hace con tus datos personales en esta web lo encontrar\u00e1s aqu\u00ed.<\/span><\/p>\n<p><span style=\"font-weight: 400;\">Esta pol\u00edtica expresa c\u00f3mo se tratar\u00e1 y proteger\u00e1 la informaci\u00f3n personal de todas las personas que se relacionan con WWW.INURRITZAJUBILATUAK.EUS a trav\u00e9s de este sitio web. Por favor, debes leer todos los apartados del <a href=\"https:\/\/inurritzajubilatuak.eus\/es\/aviso-legal\/\">Aviso Legal<\/a>, de la <a href=\"https:\/\/inurritzajubilatuak.eus\/es\/politica-de-cookies\/\">pol\u00edtica de cookies<\/a> y de la presente pol\u00edtica de privacidad antes de utilizar esta web.<\/span><\/p>\n<p><span style=\"font-weight: 400;\">De conformidad con lo dispuesto en Reglamento UE 2016\/679, del Parlamento Europeo y del Consejo del 27 de abril de 2016(RGPD) y la Ley Org\u00e1nica 3\/2018, del 5 de diciembre, de Protecci\u00f3n de Datos Personales y garant\u00eda de los derechos digitales, INURRITZA JUBILATU ETA PENTSIONISTEN ELKARTEA, te informa de que, mediante la aceptaci\u00f3n de esta Pol\u00edtica de Privacidad, prestas tu consentimiento expreso, informado, libre e inequ\u00edvoco para que los Datos que proporcionas, y sobre los que se aplican las medidas de seguridad, t\u00e9cnicas y organizativas previstas en la normativa vigente, sean tratados por INURRITZA JUBILATU ETA PENTSIONISTEN ELKARTEA, como responsable del tratamiento.<\/span><\/p>\n<p>&nbsp;<\/p>\n<h3><strong>\u00bfQUI\u00c9N ES EL RESPONSABLE DE ESTA WEB?<\/strong><\/h3>\n<p>&nbsp;<\/p>\n<p><strong>Identidad del Responsable:<\/strong> INURRITZA JUBILATU ETA PENTSIONISTEN ELKARTEA<\/p>\n<p><strong>CIF:<\/strong>\u00a0G20898433<\/p>\n<p><strong>Direcci\u00f3n:<\/strong> Maria etxetxiki kalea 12 &#8211; 20800 Zarautz (Gipuzkoa)<\/p>\n<p><b>Correo electr\u00f3nico: <\/b>\u00a0<a href=\"mailto:info@inurritzajubilatuak.eus\">info@inurritzajubilatuak.eus<\/a><\/p>\n<p><strong>Actividad:<\/strong> Hirugarren Adineko Elkartea. <a href=\"https:\/\/www.euskadi.eus\/gobierno-vasco\/-\/asociacion\/inurritza-jubilatu-eta-pentsionisten-elkartea\/\">Ver datos de la asociaci\u00f3n en el gobierno vasco<\/a><\/p>\n<p><strong>Datos de contacto del responsable o representante, y del delegado de protecci\u00f3n de datos en su caso:<\/strong> Maria etxetxiki 12, 20800 Zarautz (Gipuzkoa) , <a href=\"mailto:info@inurritzajubilatuak.eus\">info@inurritzajubilatuak.eus<\/a>\u00a0, telf: 943 13 30 17.<\/p>\n<p><strong>Registro de asociaciones &#8211; N.\u00ba REgistro:<\/strong> AS\/G\/09403\/2001<\/p>\n<p>&nbsp;<\/p>\n<h3><span style=\"font-weight: 400;\">\u00a0<strong>\u00bfCON QUE BASE LEGAL SE TRATAN ESOS DATOS?<\/strong><\/span><\/h3>\n<p>&nbsp;<\/p>\n<p><span style=\"font-weight: 400;\">Tratamos tus datos personales con las siguientes bases legales:<\/span><\/p>\n<ul>\n<li><span style=\"font-weight: 400;\"><strong>La ejecuci\u00f3n de un contrato con<\/strong> <a href=\"http:\/\/www.inurritzabukilatuak.eus\">WWW.INURRITZAJUBILATUAK.EUS<\/a>, para la contrataci\u00f3n de servicios, publicar anuncios y gestionar los servicios solicitados.<\/span><\/li>\n<li><span style=\"font-weight: 400;\"><strong>El consentimiento<\/strong> del usuario en relaci\u00f3n al contacto, la suscripci\u00f3n a contenidos y el env\u00edo de comunicaciones, v\u00eda mail, cookies o sistemas de mensajer\u00eda.<\/span><\/li>\n<li><span style=\"font-weight: 400;\"><strong>El Inter\u00e9s leg\u00edtimo<\/strong> del responsable del tratamiento para proteger a los usuarios de la web de <a href=\"http:\/\/www.inurritzajubilatuak.eus\">WWW.INURRITZAJUBILATUAK.EUS<\/a> de abusos y fraudes en el uso de nuestros servicios.<\/span><\/li>\n<\/ul>\n<p>&nbsp;<\/p>\n<p>&nbsp;<\/p>\n<h3><strong>\u00bfCON QUE FINALIDADES TRATAREMOS TUS DATOS?<\/strong><\/h3>\n<p>&nbsp;<\/p>\n<p><span style=\"font-weight: 400;\">En esta web, existen diferentes formularios, en cada uno de ellos, la informaci\u00f3n que recoja se utilizar\u00e1 de la siguiente manera:<\/span><\/p>\n<p><span style=\"font-weight: 400;\"><strong>Formulario de comentarios:<\/strong> Los datos personales introducidos en el formulario para insertar estos comentarios ser\u00e1n utilizados exclusivamente para moderarlos y publicarlos.<\/span><\/p>\n<p><span style=\"font-weight: 400;\"><strong>Formulario de contacto:<\/strong> Tambi\u00e9n existe un formulario de contacto para consultas, sugerencias o contacto profesional. En este caso se utilizar\u00e1 la direcci\u00f3n de correo electr\u00f3nico para responder a las mismas y enviar la informaci\u00f3n que el usuario requiera a trav\u00e9s de la web.<\/span><\/p>\n<p><span style=\"font-weight: 400;\"><strong>Formulario de excursiones:<\/strong> Recogemos datos para apuntarse a las distintas excursiones que se realizan en nuestra asociaci\u00f3n.<\/span><\/p>\n<p><span style=\"font-weight: 400;\"><strong>Formulario alta afiliados:<\/strong> Solicitamos datos de afiliados, incluyendo datos de pago para gestionar el alta de afiliados y liquidar las correspondientes comisiones.<\/span><\/p>\n<p>&nbsp;<\/p>\n<h3><strong>TIEMPO DE CONSERVACI\u00d3N DE LOS DATOS PERSONALES<\/strong><\/h3>\n<p>&nbsp;<\/p>\n<p><span style=\"font-weight: 400;\">Datos de los Clientes: El periodo de conservaci\u00f3n de los datos personales variar\u00e1 en funci\u00f3n del servicio que el Cliente contrate. En cualquier caso, ser\u00e1 el m\u00ednimo necesario, pudiendo mantenerse hasta:<\/span><\/p>\n<p style=\"padding-left: 30px;\"><span style=\"font-weight: 400;\">-4 a\u00f1os: Ley sobre Infracciones y Sanciones en el Orden Social (obligaciones en materia de afiliaci\u00f3n, altas, bajas cotizaci\u00f3n, pago de salarios\u2026); Arts. 66 y ss. Ley General Tributaria (libros de contabilidad..).<\/span><\/p>\n<p style=\"padding-left: 30px;\"><span style=\"font-weight: 400;\">-5 a\u00f1os: Art. 1964 del C\u00f3digo Civil (acciones personales sin plazo especial).<\/span><\/p>\n<p style=\"padding-left: 30px;\"><span style=\"font-weight: 400;\">-10 a\u00f1os: Art. 25 de la Ley de Prevenci\u00f3n del Blanqueo de Capitales y Financiaci\u00f3n del Terrorismo.<\/span><\/p>\n<p><span style=\"font-weight: 400;\"><strong>Datos de los suscriptores:<\/strong> Desde que el usuario se suscribe hasta que se da de baja.<\/span><\/p>\n<p><span style=\"font-weight: 400;\"><strong>Datos de potenciales clientes:<\/strong> los datos se conservar\u00e1n en todo caso durante la vigencia de la relaci\u00f3n comercial establecida y, una vez concluida, dos a\u00f1os, a menos que el usuario solicite antes su supresi\u00f3n.<\/span><\/p>\n<p>&nbsp;<\/p>\n<p>&nbsp;<\/p>\n<h3><strong>\u00bfCU\u00c1LES CON TUS DERECHOS EN LO QUE CONCIERNE AL USO DE TUS DATOS?<\/strong><\/h3>\n<p>&nbsp;<\/p>\n<p><span style=\"font-weight: 400;\">Cualquier persona tiene derecho a obtener confirmaci\u00f3n sobre si en <a href=\"http:\/\/www.inurritzajubilatuak.eus\">WWW.INURRITZAJUBILATUAK.EUS<\/a> estamos tratando datos personales que le conciernen o no.<\/span><\/p>\n<p><span style=\"font-weight: 400;\">Las personas interesadas tienen derecho a:<\/span><\/p>\n<ul>\n<li><span style=\"font-weight: 400;\">Solicitar el acceso a los datos personales relativos al interesado.<\/span><\/li>\n<li><span style=\"font-weight: 400;\">Solicitar su rectificaci\u00f3n o supresi\u00f3n.<\/span><\/li>\n<li><span style=\"font-weight: 400;\">Solicitar su cancelaci\u00f3n.<\/span><\/li>\n<li><span style=\"font-weight: 400;\">Solicitar la limitaci\u00f3n de su tratamiento.<\/span><\/li>\n<li><span style=\"font-weight: 400;\">Oponerse al tratamiento.<\/span><\/li>\n<li><span style=\"font-weight: 400;\">Solicitar la portabilidad de los datos.<\/span><\/li>\n<\/ul>\n<p>&nbsp;<\/p>\n<p><span style=\"font-weight: 400;\">Si ha otorgado su consentimiento para alguna finalidad concreta, tiene derecho a retirar el consentimiento otorgado en cualquier momento, sin que ello afecte a la licitud del tratamiento basado en el consentimiento previo a su retirada.<\/span><\/p>\n<p><span style=\"font-weight: 400;\">En caso de que sienta vulnerados sus derechos en lo concerniente a la protecci\u00f3n de sus datos personales, especialmente cuando no haya obtenido satisfacci\u00f3n en el ejercicio de sus derechos, puede presentar una reclamaci\u00f3n ante la Autoridad de Control en materia de Protecci\u00f3n de Datos competente a trav\u00e9s de su sitio web:<\/span> <a href=\"https:\/\/www.aepd.es\/es\"><i><span style=\"font-weight: 400;\">https:\/\/www.aepd.es\/es<\/span><\/i><\/a><\/p>\n<p><span style=\"font-weight: 400;\">Para ejercitar estos derecho, puede escribir a:<\/span> <a href=\"mailto:info@inurritzajubilatuak.eus\">info@inurritzajubilatuak.eus<\/a><\/p>\n<p><span style=\"font-weight: 400;\">Existe un formulario para el ejercicio de sus derecho, lo puede pedir por email o si lo prefiere, puede usar los elaborados por la<a href=\"https:\/\/www.aepd.es\/es\/derechos-y-deberes\/conoce-tus-derechos\"> Agencia Espa\u00f1ola de Protecci\u00f3n de Datos<\/a> a terceros<\/span><\/p>\n<p><span style=\"font-weight: 400;\">Si le representa alguien, debe adjuntar copia de su DNI, o debe estar firmado con su firma electr\u00f3nica.<\/span><\/p>\n<p><span style=\"font-weight: 400;\">Los formularios pueden ser presentados presencialmente, enviados por carta o por mail a la direcci\u00f3n del responsable que aparece al inicio de este texto.<\/span><\/p>\n<p>&nbsp;<\/p>\n<h3><strong>NOTIFICACI\u00d3N Y DECLARACI\u00d3N DE BRECHAS<\/strong><\/h3>\n<p>&nbsp;<\/p>\n<p><strong>Notificaci\u00f3n de seguridad y declaraci\u00f3n de brechas<\/strong><\/p>\n<p><span style=\"font-weight: 400;\">En INURRITZA JUBILATU ETA PENTSIONISTE ELKARTEA asumimos medidas de seguridad adecuadas al nivel de riesgo para proteger la informaci\u00f3n personal contra p\u00e9rdida, uso indebido y acceso no autorizado, divulgaci\u00f3n, alteraci\u00f3n y destrucci\u00f3n, teniendo en cuenta los riesgos que conlleva el procesamiento y la naturaleza de la informaci\u00f3n personal; no obstante, si INURRITZA JUBILATU ETA PENTSIONISTEN ELKARTEA, determina que sus datos de servicios han sido malversados incluso por un empleado de INURRITZA JUBILATU ETA PENTSIONISTEN ELKARTEA te informar\u00e1 de inmediato de dicha brecha de seguridad, apropiaci\u00f3n o adquisici\u00f3n indebida.<\/span><\/p>\n<p>&nbsp;<\/p>\n<h3><strong>\u00bfA QU\u00c9 DESTINATARIOS SE COMUNICAR\u00c1N TUS DATOS?<\/strong><\/h3>\n<p>&nbsp;<\/p>\n<p><span style=\"font-weight: 400;\">Muchas herramientas utilizadas en esta web para gestionar datos son contratadas por terceros. Para prestar servicios estrictamente necesarios para el desarrollo de la actividad, INURRITZA JUBILATU ETA PENTSIONISTEN ELKARTEA comparte datos con los siguientes prestadores bajo sus correspondientes condiciones de privacidad:<\/span><\/p>\n<p><span style=\"font-weight: 400;\">Proveedores de servicios externos (por ejemplo, servicios de procesamiento de pago, procesamientos de pedidos, an\u00e1lisis, gesti\u00f3n campa\u00f1as de marketing, gesti\u00f3n de sitios web, y distribuci\u00f3n de correo electr\u00f3nico y otros proveedores de servicios similares) a fin de que estos puedan realizar funciones comerciales en nombre de INURRITZA JUBILATU ETA PENTSIONISTEN ELKARTEA.<\/span><\/p>\n<p><span style=\"font-weight: 400;\">Pueden tener acceso a esta web de forma ocasional la empresa de desarrollo y mantenimiento web, o la de hosting. Las mismas tienen firmado un contrato de prestaci\u00f3n de servicios que les obliga a mantener el mismo nivel de privacidad que se aplica a los tratamientos realizados en esta web.<\/span><\/p>\n<p><span style=\"font-weight: 400;\">Cualquier transferencia internacional de datos derivada de la utilizaci\u00f3n de herramientas o proveedores de servicios, estar\u00e1 adherida al convenio Privacy Shield, que garantiza que las empresas de software americano cumplen las pol\u00edticas de protecci\u00f3n de datos europeos en materia de privacidad, secreto y seguridad de los datos.<\/span><\/p>\n<p><span style=\"font-weight: 400;\">Concretamente esta web utiliza las siguientes herramientas.<\/span><\/p>\n<ul>\n<li><span style=\"font-weight: 400;\">Herramientas de an\u00e1lisis<\/span><\/li>\n<\/ul>\n<p>&nbsp;<\/p>\n<h3><strong>SECRETO Y SEGURIDAD DE LOS DATOS<\/strong><\/h3>\n<p>&nbsp;<\/p>\n<p><span style=\"font-weight: 400;\"><a href=\"http:\/\/www.inurritzajubilatuak.eus\">WWW.INURRITZAJUBILATUAK.EUS<\/a>\u00a0 se compromete al uso y tratamiento de los datos personales del usuario, respetando su confidencialidad, de acuerdo con la finalidad de aquellos; as\u00ed como a dar cumplimiento a su obligaci\u00f3n de guardarlos y adaptar todas las medidas para evitar la alteraci\u00f3n, p\u00e9rdida tratamiento o acceso no autorizado, de conformidad con lo establecido en la normativa vigente de protecci\u00f3n de datos<\/span><\/p>\n<p><span style=\"font-weight: 400;\">(Estas web incluye un certificado SSL. Se trata de un protocolo de seguridad que hace que tus datos viajen de manera integra y segura; es decir, la transmisi\u00f3n de los datos entre un servidor y el usuario web, y en retroalimentaci\u00f3n es totalmente cifrada o encriptada.)<\/span><\/p>\n<p><span style=\"font-weight: 400;\"><a href=\"http:\/\/www.inurritzajubilatuak.eus\">WWW.INURRITZAJUBILATUAK.EUS<\/a> no puede garantizar la absoluta inexpugnabilidad de la red Internet, ni por tanto, la violaci\u00f3n de los datos mediante accesos fraudulentos a ellos por parte de terceros.<\/span><\/p>\n<p><span style=\"font-weight: 400;\">Con respecto a la confidencialidad del procesamiento, INURRITZA JUBILATU ETA PENTSIONISTEN ELKARTEA se asegurar\u00e1 de que cualquier persona que est\u00e9 autorizada por INURRITZA JUBILATU ETA PENTSIONISTEN ELKARTEA para procesar los datos del cliente (incluido su personal, colaboradores y prestadores), estar\u00e1 bajo la obligaci\u00f3n apropiada de confidencialidad (ya sea un deber contractual o legal).<\/span><\/p>\n<p><span style=\"font-weight: 400;\">Cuando se presente alg\u00fan incidente de seguridad, al darse cuenta INURRITZA JUBILATU ETA PENTSIONISTEN ELKARTEA deber\u00e1 notificar al Cliente sin demoras indebidas y deber\u00e1 proporcionar informaci\u00f3n oportuna relacionada con el incidente de Seguridad tal como se conozca, o cuando el cliente lo solicite razonablemente.<\/span><\/p>\n<p>&nbsp;<\/p>\n<h3><strong>EXACTITUD Y VERACIDAD DE LOS DATOS<\/strong><\/h3>\n<p>&nbsp;<\/p>\n<p><span style=\"font-weight: 400;\">Como usuario, eres el \u00fanico responsable de la veracidad y correcci\u00f3n de los datos que remitas a <a href=\"http:\/\/www.inurritzajubilatuak.eus\">WWW.INURRITZAJUBILATUAK.EUS<\/a>, exonerando a INURRITZA JUBILATU ETA PENTSIONISTEN ELKARTEA, de cualquier responsabilidad al respecto. Los usuarios garantizan y responden, en cualquier caso, de la exactitud, vigencia y autenticidad de los datos personales facilitados, y se comprometen a mantenerlos debidamente actualizados. El usuario acepta proporcionar informaci\u00f3n completa y correcta en el formulario de contacto o suscripci\u00f3n.<\/span><\/p>\n<p>&nbsp;<\/p>\n<h3><strong>REVOCABILIDAD<\/strong><\/h3>\n<p><span style=\"font-weight: 400;\">El consentimiento prestado, tanto para el tratamiento como para la cesi\u00f3n de los datos de los interesados, es revocable en cualquier momento comunic\u00e1ndolo a INURRITZA JUBILATU ETA PENTSIONISTEN ELKARTEA en los t\u00e9rminos establecidos en esta Pol\u00edtica para el ejercicio de los derechos ARCO. Esta revocaci\u00f3n en ning\u00fan caso tendr\u00e1 car\u00e1cter retroactivo.<\/span><\/p>\n<p>&nbsp;<\/p>\n<h3><strong>CAMBIOS EN LA POL\u00cdTICA DE PRIVACIDAD<\/strong><\/h3>\n<p>&nbsp;<\/p>\n<p><span style=\"font-weight: 400;\">INURRITZA JUBILATU ETA PENTSIONISTEN ELKARTEA se reserva el derecho a modificar la presente pol\u00edtica para adaptarla a novedades legislativas o jurisprudenciales, as\u00ed como pr\u00e1cticas de la industria. En dichos supuestos, anunciar\u00e1 en esta p\u00e1gina los cambios introducidos con razonable antelaci\u00f3n a su puesta en pr\u00e1ctica.<\/span><\/p>\n<p>[\/et_pb_text][\/et_pb_column][\/et_pb_row][\/et_pb_section][et_pb_section fb_built=\u00bb1&#8243; _builder_version=\u00bb4.4.6&#8243; background_color=\u00bb#e3efe3&#8243; module_alignment=\u00bbcenter\u00bb top_divider_style=\u00bbcurve2&#8243; top_divider_color=\u00bb#ffffff\u00bb top_divider_height=\u00bb59px\u00bb bottom_divider_style=\u00bbarrow2&#8243; bottom_divider_color=\u00bb#277C79&#8243;][\/et_pb_section]<\/p>\n","protected":false},"excerpt":{"rendered":"<p>Pol\u00edtica de privacidadINFORMACI\u00d3N ADICIONAL SOBRE PROTECCI\u00d3N DE DATOS. &nbsp; Lo que se hace y no se hace con tus datos personales en esta web lo encontrar\u00e1s aqu\u00ed. Esta pol\u00edtica expresa c\u00f3mo se tratar\u00e1 y proteger\u00e1 la informaci\u00f3n personal de todas las personas que se relacionan con WWW.INURRITZAJUBILATUAK.EUS a trav\u00e9s de este sitio web. Por favor, [&hellip;]<\/p>\n","protected":false},"author":3,"featured_media":0,"parent":0,"menu_order":0,"comment_status":"closed","ping_status":"closed","template":"","meta":{"_et_pb_use_builder":"on","_et_pb_old_content":"","_et_gb_content_width":"","footnotes":""},"class_list":["post-1433","page","type-page","status-publish","hentry"],"_links":{"self":[{"href":"https:\/\/inurritzajubilatuak.eus\/es\/wp-json\/wp\/v2\/pages\/1433","targetHints":{"allow":["GET"]}}],"collection":[{"href":"https:\/\/inurritzajubilatuak.eus\/es\/wp-json\/wp\/v2\/pages"}],"about":[{"href":"https:\/\/inurritzajubilatuak.eus\/es\/wp-json\/wp\/v2\/types\/page"}],"author":[{"embeddable":true,"href":"https:\/\/inurritzajubilatuak.eus\/es\/wp-json\/wp\/v2\/users\/3"}],"replies":[{"embeddable":true,"href":"https:\/\/inurritzajubilatuak.eus\/es\/wp-json\/wp\/v2\/comments?post=1433"}],"version-history":[{"count":28,"href":"https:\/\/inurritzajubilatuak.eus\/es\/wp-json\/wp\/v2\/pages\/1433\/revisions"}],"predecessor-version":[{"id":2819,"href":"https:\/\/inurritzajubilatuak.eus\/es\/wp-json\/wp\/v2\/pages\/1433\/revisions\/2819"}],"wp:attachment":[{"href":"https:\/\/inurritzajubilatuak.eus\/es\/wp-json\/wp\/v2\/media?parent=1433"}],"curies":[{"name":"wp","href":"https:\/\/api.w.org\/{rel}","templated":true}]}}