{"id":1362,"date":"2020-05-21T14:36:52","date_gmt":"2020-05-21T12:36:52","guid":{"rendered":"https:\/\/inurritzajubilatuak.eus\/estatutoak\/"},"modified":"2021-03-02T19:14:42","modified_gmt":"2021-03-02T18:14:42","slug":"estatutoak","status":"publish","type":"page","link":"https:\/\/inurritzajubilatuak.eus\/es\/estatutoak\/","title":{"rendered":"ESTATUTOS"},"content":{"rendered":"<p>[et_pb_section fb_built=\u00bb1&#8243; prev_background_color=\u00bb#ffffff\u00bb _builder_version=\u00bb4.7.4&#8243; background_color=\u00bb#e3efe3&#8243; module_alignment=\u00bbcenter\u00bb top_divider_style=\u00bbclouds\u00bb top_divider_height=\u00bb327px\u00bb bottom_divider_style=\u00bbcurve2&#8243; bottom_divider_color=\u00bb#ffffff\u00bb bottom_divider_height=\u00bb339px\u00bb animation_style=\u00bbfade\u00bb module_alignment_tablet=\u00bb\u00bb module_alignment_phone=\u00bb\u00bb module_alignment_last_edited=\u00bbon|phone\u00bb][et_pb_row _builder_version=\u00bb4.7.4&#8243; _module_preset=\u00bbdefault\u00bb module_alignment=\u00bbcenter\u00bb][et_pb_column type=\u00bb4_4&#8243; _builder_version=\u00bb4.7.4&#8243; _module_preset=\u00bbdefault\u00bb][et_pb_menu menu_id=\u00bb34&#8243; menu_style=\u00bbcentered\u00bb _builder_version=\u00bb4.7.4&#8243; _module_preset=\u00bbdefault\u00bb background_color=\u00bbrgba(0,0,0,0)\u00bb][\/et_pb_menu][\/et_pb_column][\/et_pb_row][et_pb_row make_equal=\u00bbon\u00bb _builder_version=\u00bb4.7.4&#8243; width_tablet=\u00bb\u00bb width_phone=\u00bb\u00bb width_last_edited=\u00bbon|tablet\u00bb max_width=\u00bbnone\u00bb max_width_tablet=\u00bb\u00bb max_width_phone=\u00bb\u00bb max_width_last_edited=\u00bbon|desktop\u00bb module_alignment=\u00bbcenter\u00bb custom_margin=\u00bb||||false|false\u00bb custom_margin_tablet=\u00bb|||0px|false|false\u00bb custom_margin_phone=\u00bb||||false|false\u00bb custom_margin_last_edited=\u00bbon|tablet\u00bb module_alignment_tablet=\u00bbcenter\u00bb module_alignment_phone=\u00bbcenter\u00bb module_alignment_last_edited=\u00bbon|desktop\u00bb][et_pb_column type=\u00bb4_4&#8243; _builder_version=\u00bb4.0.5&#8243;][et_pb_text _builder_version=\u00bb4.4.7&#8243; header_font=\u00bbRochester||||||||\u00bb header_font_size=\u00bb68px\u00bb header_font_size_tablet=\u00bb\u00bb header_font_size_phone=\u00bb56px\u00bb header_font_size_last_edited=\u00bbon|desktop\u00bb]<\/p>\n<h1>Estatutos<\/h1>\n<p>[\/et_pb_text][et_pb_text _builder_version=\u00bb4.9.0&#8243; text_font=\u00bb|300|||||||\u00bb text_font_size=\u00bb20px\u00bb custom_margin=\u00bb||37px|||\u00bb custom_padding=\u00bb|0px||||\u00bb hover_enabled=\u00bb0&#8243; sticky_enabled=\u00bb0&#8243;]<\/p>\n<p>&nbsp;<\/p>\n<p>1.Reunir a los jubilados, pensionistas, que lo soliciten y sean residentes en el \u00e1mbito territorial del hogar.<\/p>\n<p>1. Fomentar la uni\u00f3n y practicar la estrecha conexi\u00f3n entre todos los asociados.<\/p>\n<p>3. Colaborar con las autoridades administrativas y laborales e instituciones y organismos competentes para la contribuci\u00f3n de la resoluci\u00f3n de los problemas de los\/las asociados\/as.<\/p>\n<p>4. Organizar toda clase de actividades culturales y recreativas que se estimen convenientes.\u00a0<\/p>\n<p>5. La actividad de estudio de medidas concretas y globales para la mejora de las condiciones de vida de los asociados.<\/p>\n<p>6. Promover bibliotecas,\u00a0 sesiones de cine, teatro, excursiones, intercambios culturales, conferencias y todo lo relacionado a mejorar un orden de educaci\u00f3n y entretenimiento de los asociados.<\/p>\n<p>7. Para mejorar el desarrollo y eficacia de las actividades consignadas en los p\u00e1rrafos anteriores, la asociaci\u00f3n crear\u00e1 las secciones correspondientes en las que se encuadrar\u00e1n los asociados que lo deseen para libremente desarrollar dichas actividades. Estas se llevar\u00e1n a cabo siempre con el V\u00baB\u00ba de los \u00f3rganos directivos y administrativos de la asociaci\u00f3n.<\/p>\n<p>8. Informar a los asociados de los fines de la asociaci\u00f3n.<\/p>\n<p>9. Promover la adscripci\u00f3n de nuevos socios de la asociaci\u00f3n.<\/p>\n<p>10. Ning\u00fan asociado ni directivo podr\u00e1 utilizar la asociaci\u00f3n para finalidades pol\u00edticas, de car\u00e1cter partidista o religioso.<\/p>\n<p>[\/et_pb_text][\/et_pb_column][\/et_pb_row][\/et_pb_section][et_pb_section fb_built=\u00bb1&#8243; _builder_version=\u00bb4.4.6&#8243; background_color=\u00bb#e3efe3&#8243; module_alignment=\u00bbcenter\u00bb top_divider_style=\u00bbcurve2&#8243; top_divider_color=\u00bb#ffffff\u00bb top_divider_height=\u00bb59px\u00bb bottom_divider_style=\u00bbarrow2&#8243; bottom_divider_color=\u00bb#277C79&#8243;][\/et_pb_section]<\/p>\n","protected":false},"excerpt":{"rendered":"<p>Estatutos&nbsp; 1.Reunir a los jubilados, pensionistas, que lo soliciten y sean residentes en el \u00e1mbito territorial del hogar. 1. Fomentar la uni\u00f3n y practicar la estrecha conexi\u00f3n entre todos los asociados. 3. Colaborar con las autoridades administrativas y laborales e instituciones y organismos competentes para la contribuci\u00f3n de la resoluci\u00f3n de los problemas de los\/las [&hellip;]<\/p>\n","protected":false},"author":3,"featured_media":0,"parent":0,"menu_order":0,"comment_status":"closed","ping_status":"closed","template":"","meta":{"_et_pb_use_builder":"on","_et_pb_old_content":"","_et_gb_content_width":"","footnotes":""},"class_list":["post-1362","page","type-page","status-publish","hentry"],"_links":{"self":[{"href":"https:\/\/inurritzajubilatuak.eus\/es\/wp-json\/wp\/v2\/pages\/1362","targetHints":{"allow":["GET"]}}],"collection":[{"href":"https:\/\/inurritzajubilatuak.eus\/es\/wp-json\/wp\/v2\/pages"}],"about":[{"href":"https:\/\/inurritzajubilatuak.eus\/es\/wp-json\/wp\/v2\/types\/page"}],"author":[{"embeddable":true,"href":"https:\/\/inurritzajubilatuak.eus\/es\/wp-json\/wp\/v2\/users\/3"}],"replies":[{"embeddable":true,"href":"https:\/\/inurritzajubilatuak.eus\/es\/wp-json\/wp\/v2\/comments?post=1362"}],"version-history":[{"count":12,"href":"https:\/\/inurritzajubilatuak.eus\/es\/wp-json\/wp\/v2\/pages\/1362\/revisions"}],"predecessor-version":[{"id":3741,"href":"https:\/\/inurritzajubilatuak.eus\/es\/wp-json\/wp\/v2\/pages\/1362\/revisions\/3741"}],"wp:attachment":[{"href":"https:\/\/inurritzajubilatuak.eus\/es\/wp-json\/wp\/v2\/media?parent=1362"}],"curies":[{"name":"wp","href":"https:\/\/api.w.org\/{rel}","templated":true}]}}