{"id":1357,"date":"2020-05-21T12:42:11","date_gmt":"2020-05-21T10:42:11","guid":{"rendered":"https:\/\/inurritzajubilatuak.eus\/politica-de-cookies\/"},"modified":"2020-12-06T14:52:31","modified_gmt":"2020-12-06T13:52:31","slug":"politica-de-cookies","status":"publish","type":"page","link":"https:\/\/inurritzajubilatuak.eus\/es\/politica-de-cookies\/","title":{"rendered":"POL\u00cdTICA DE COOKIES"},"content":{"rendered":"<p>[et_pb_section fb_built=\u00bb1&#8243; prev_background_color=\u00bb#ffffff\u00bb _builder_version=\u00bb4.4.6&#8243; background_color=\u00bb#e3efe3&#8243; module_alignment=\u00bbcenter\u00bb top_divider_style=\u00bbclouds\u00bb top_divider_height=\u00bb327px\u00bb bottom_divider_style=\u00bbcurve2&#8243; bottom_divider_color=\u00bb#ffffff\u00bb bottom_divider_height=\u00bb339px\u00bb module_alignment_tablet=\u00bb\u00bb module_alignment_phone=\u00bb\u00bb module_alignment_last_edited=\u00bbon|phone\u00bb][et_pb_row _builder_version=\u00bb4.7.4&#8243; _module_preset=\u00bbdefault\u00bb][et_pb_column _builder_version=\u00bb4.7.4&#8243; _module_preset=\u00bbdefault\u00bb type=\u00bb4_4&#8243;]<\/p>\n<p>[et_pb_menu _builder_version=\u00bb4.7.4&#8243; _module_preset=\u00bbdefault\u00bb menu_id=\u00bb34&#8243; hover_enabled=\u00bb0&#8243; sticky_enabled=\u00bb0&#8243; menu_style=\u00bbcentered\u00bb background_color=\u00bbrgba(0,0,0,0)\u00bb admin_label=\u00bbMen\u00fa\u00bb][\/et_pb_menu]<\/p>\n<p>[\/et_pb_column][\/et_pb_row][et_pb_row make_equal=\u00bbon\u00bb _builder_version=\u00bb4.4.6&#8243; width_tablet=\u00bb\u00bb width_phone=\u00bb\u00bb width_last_edited=\u00bbon|tablet\u00bb max_width=\u00bbnone\u00bb max_width_tablet=\u00bb\u00bb max_width_phone=\u00bb\u00bb max_width_last_edited=\u00bbon|desktop\u00bb module_alignment=\u00bbcenter\u00bb custom_margin=\u00bb||||false|false\u00bb custom_margin_tablet=\u00bb|||0px|false|false\u00bb custom_margin_phone=\u00bb||||false|false\u00bb custom_margin_last_edited=\u00bbon|tablet\u00bb module_alignment_tablet=\u00bbcenter\u00bb module_alignment_phone=\u00bbcenter\u00bb module_alignment_last_edited=\u00bbon|desktop\u00bb][et_pb_column type=\u00bb4_4&#8243; _builder_version=\u00bb4.0.5&#8243;][et_pb_text _builder_version=\u00bb4.4.7&#8243; header_font=\u00bbRochester||||||||\u00bb header_font_size=\u00bb68px\u00bb header_font_size_tablet=\u00bb\u00bb header_font_size_phone=\u00bb56px\u00bb header_font_size_last_edited=\u00bbon|desktop\u00bb]<\/p>\n<h1>Pol\u00edtica de cookies<\/h1>\n<p>[\/et_pb_text][et_pb_text _builder_version=\u00bb4.7.1&#8243; text_font=\u00bb|300|||||||\u00bb text_font_size=\u00bb20px\u00bb custom_margin=\u00bb||37px|||\u00bb custom_padding=\u00bb|0px||||\u00bb]<\/p>\n<p><span style=\"font-weight: 400;\">En esta web recopilamos y utilizamos la informaci\u00f3n seg\u00fan indicamos en nuestra pol\u00edtica de privacidad. Una de las formas en las que recopilamos informaci\u00f3n es a trav\u00e9s del uso de la tecnolog\u00eda llamada \u201ccookies\u201d. En <a href=\"http:\/\/www.inurritzajubilatuak.eus\">WWW.INURRITZAJUBILATUAK.EUS<\/a>, utilizamos cookies para varias cosas.<\/span><\/p>\n<p>&nbsp;<\/p>\n<h3><strong>\u00bfQu\u00e9 es una cookie?<\/strong><\/h3>\n<p><span style=\"font-weight: 400;\">Una \u201ccookie\u201d es una peque\u00f1a cantidad de texto que se almacena en tu navegador cuando navegas por la mayor\u00eda de los sitios web.<\/span><\/p>\n<p>&nbsp;<\/p>\n<h3><strong>Aceptaci\u00f3n de cookies<\/strong><\/h3>\n<p><span style=\"font-weight: 400;\">Al acceder a este sitio web o aplicaci\u00f3n por primera vez, aparecer\u00e1 una advertencia donde se le informa de la utilizaci\u00f3n de las cookies y donde se puede consultar esta pol\u00edtica de cookies.<\/span><\/p>\n<p><span style=\"font-weight: 400;\">No se descargar\u00e1 ninguna cookie hasta que el usuario no consienta expresamente la instalaci\u00f3n de las cookies. Si el usuario consiente la utilizaci\u00f3n de cookies, se realizar\u00e1 la instalaci\u00f3n de las mismas en su equipo o dispositivo.<\/span><\/p>\n<p>&nbsp;<\/p>\n<h3><strong>\u00bfQu\u00e9 informaci\u00f3n almacena una cookie?<\/strong><\/h3>\n<p><span style=\"font-weight: 400;\">Las cookies no suelen almacenar informaci\u00f3n sensible sobre usted, como tarjetas de cr\u00e9dito o datos bancarios, fotograf\u00edas o informaci\u00f3n personal, etc. Los datos que guardan son de car\u00e1cter t\u00e9cnico, estad\u00edsticos, preferencias personales, personalizaci\u00f3n de contenidos, etc<\/span><\/p>\n<p>&nbsp;<\/p>\n<h3><strong>\u00bfQu\u00e9 tipo de cookies existen?<\/strong><\/h3>\n<p><span style=\"font-weight: 400;\"><strong>Cookies t\u00e9cnicas:<\/strong> Son las m\u00e1s elementales y permiten, entre otras cosas, saber cu\u00e1ndo est\u00e1 navegando un humano o una aplicaci\u00f3n automatizada, cu\u00e1ndo navega un usuario an\u00f3nimo y uno registrado, tareas b\u00e1sicas para el funcionamiento de cualquier web din\u00e1mica.<\/span><\/p>\n<p><span style=\"font-weight: 400;\"><strong>Cookies de an\u00e1lisis:<\/strong> Recogen informaci\u00f3n sobre el tipo de navegaci\u00f3n que est\u00e1 realizando, las secciones que m\u00e1s utiliza, productos consultados, franja horaria de uso, idioma, etc.<\/span><\/p>\n<p><span style=\"font-weight: 400;\"><strong>Cookies publicitarias:<\/strong> Muestran publicidad en funci\u00f3n de su navegaci\u00f3n, su pa\u00eds de procedencia, idioma, etc.<\/span><\/p>\n<p>&nbsp;<\/p>\n<h3><span style=\"font-weight: 400;\">\u00bfQu\u00e9 cookies utiliza esta web?<\/span><\/h3>\n<p><span style=\"font-weight: 400;\">Esta web utiliza cookies propias y de terceros. En este sitio web se utilizan las cookies que se detallan a continuaci\u00f3n:<\/span><\/p>\n<h4><span style=\"font-weight: 400;\">COOKIES PROPIAS<\/span><\/h4>\n<ul>\n<li><span style=\"font-weight: 400;\">Inicio de sesi\u00f3n: Las cookies para iniciar sesi\u00f3n te permiten entrar y salir de tu cuenta de <a href=\"http:\/\/www.inurritzajubilatuak.eus\">WWW.INURRITZAJUBILATUAK.EUS<\/a>.<\/span><\/li>\n<li><span style=\"font-weight: 400;\">Personalizaci\u00f3n: Las cookies nos permiten recordar tus ajustes y preferencias, como el idioma y tu configuraci\u00f3n de privacidad.<\/span><\/li>\n<li><span style=\"font-weight: 400;\">Seguridad: Utilizamos cookies para evitarte riesgos de seguridad. Principalmente para detectar cu\u00e1ndo alguien est\u00e1 intentando piratear tu cuenta de <a href=\"http:\/\/www.inurritzajubilatuak.eus\">WWW.INURRITZAJUBILATUAK.EUS<\/a>.<\/span><\/li>\n<\/ul>\n<p>&nbsp;<\/p>\n<h4><span style=\"font-weight: 400;\">COOKIES DE TERCEROS<\/span><\/h4>\n<h5><strong>M\u00f3dulo Google Analytics \u2013 Cookies anal\u00edticas<\/strong><\/h5>\n<p><span style=\"font-weight: 400;\">M\u00f3dulo Google Analytics \u2013 Cookies anal\u00edticas<\/span><\/p>\n<p><span style=\"font-weight: 400;\">Esta web utiliza servicios de an\u00e1lisis, concretamente, Google Analytics para ayudar al website a analizar el uso que hacen los usuarios del sitio web y mejorar la usabilidad del mismo, pero en ning\u00fan caso se asocian a datos que pudieran llegar a identificar al usuario. Google Analytics es un servicio anal\u00edtico de web prestado por Google Inc. El usuario puede consultar <a href=\"https:\/\/developers.google.com\/analytics\/devguides\/collection\/analyticsjs\/cookie-usage?hl=es\">aqu\u00ed<\/a> el tipo de cookies utilizadas por Google.<\/span><\/p>\n<p>&nbsp;<\/p>\n<h3><strong>\u00bfSe pueden eliminar las cookies?<\/strong><\/h3>\n<p><span style=\"font-weight: 400;\">S\u00ed, y no s\u00f3lo eliminar, tambi\u00e9n bloquear, de forma general o particular para un dominio espec\u00edfico.<\/span><\/p>\n<p><span style=\"font-weight: 400;\">Para eliminar las cookies de un sitio web debe ir a la configuraci\u00f3n de su navegador y all\u00ed podr\u00e1 buscar las asociadas al dominio en cuesti\u00f3n y proceder a su eliminaci\u00f3n.<\/span><\/p>\n<ul>\n<li><span style=\"font-weight: 400;\">Configuraci\u00f3n de cookies para <a href=\"https:\/\/support.google.com\/chrome\/answer\/95647?hl=es-419\">Google Chrome<\/a><\/span><\/li>\n<li><span style=\"font-weight: 400;\">Configuraci\u00f3n de cookies para <a href=\"https:\/\/support.mozilla.org\/es\/kb\/habilitar-y-deshabilitar-cookies-sitios-web-rastrear-preferencias?redirectslug=habilitar-y-deshabilitar-cookies-que-los-sitios-we&amp;redirectlocale=es\">Mozilla Firefox<\/a><\/span><\/li>\n<li><span style=\"font-weight: 400;\">Configuraci\u00f3n de cookies para <a href=\"https:\/\/support.microsoft.com\/es-es\/topic\/eliminar-y-administrar-cookies-168dab11-0753-043d-7c16-ede5947fc64d#ie=ie-10\">Internet Explorer<\/a><\/span><\/li>\n<li><span style=\"font-weight: 400;\">Configuraci\u00f3n de cookies para <a href=\"https:\/\/support.apple.com\/es-es\/HT201265\">Apple Safarir<\/a><\/span><\/li>\n<\/ul>\n<p>&nbsp;<\/p>\n<h3><strong>Aceptaci\u00f3n de cookies<\/strong><\/h3>\n<p><span style=\"font-weight: 400;\">Al acceder a este sitio web o aplicaci\u00f3n por primera vez, se mostrar\u00e1 una advertencia donde se informa de la utilizaci\u00f3n de cookies, se realizar\u00e1 la instalaci\u00f3n de las mismas en su equipo o dispositivo.<\/span><\/p>\n<p><span style=\"font-weight: 400;\">Adem\u00e1s del uso de nuestras cookies propias, permitimos a terceros establecer cookies y acceder a ellas en su ordenador. El consentimiento del uso de las cookies de estas empresas est\u00e1 ligado a la navegaci\u00f3n por este sitio web.\u00a0 <\/span><\/p>\n<p>&nbsp;<\/p>\n<h3><strong>M\u00e1s informaci\u00f3n sobre las cookies<\/strong><\/h3>\n<p><span style=\"font-weight: 400;\">Puedes consultar el reglamento sobre cookies publicado por la Agencia Espa\u00f1ola de Protecci\u00f3n de Datos en su \u201cGu\u00eda sobre el uso de las cookies\u201d y obtener m\u00e1s informaci\u00f3n sobre las cookies en internet: <\/span>\u00a0<a href=\"https:\/\/aboutcookies.org\/\">https:\/\/www.aboutcookies.org.<\/a><\/p>\n<p><span style=\"font-weight: 400;\">Si desea tener un mayor control sobre la instalaci\u00f3n de cookies, puede instalar programas o complementos a su navegador, conocidos como herramientas de \u201cDo Not Track\u201d, que le permitir\u00e1n escoger aquellas cookies que desea permitir.<\/span><\/p>\n<p><span style=\"font-weight: 400;\">Esta pol\u00edtica de cookies ha sido actualizada por \u00faltima vez el 18\/11\/2020.<\/span><\/p>\n<p>[\/et_pb_text][\/et_pb_column][\/et_pb_row][\/et_pb_section][et_pb_section fb_built=\u00bb1&#8243; _builder_version=\u00bb4.4.6&#8243; background_color=\u00bb#e3efe3&#8243; module_alignment=\u00bbcenter\u00bb top_divider_style=\u00bbcurve2&#8243; top_divider_color=\u00bb#ffffff\u00bb top_divider_height=\u00bb59px\u00bb bottom_divider_style=\u00bbarrow2&#8243; bottom_divider_color=\u00bb#277C79&#8243;][\/et_pb_section]<\/p>\n","protected":false},"excerpt":{"rendered":"<p>Pol\u00edtica de cookiesEn esta web recopilamos y utilizamos la informaci\u00f3n seg\u00fan indicamos en nuestra pol\u00edtica de privacidad. Una de las formas en las que recopilamos informaci\u00f3n es a trav\u00e9s del uso de la tecnolog\u00eda llamada \u201ccookies\u201d. En WWW.INURRITZAJUBILATUAK.EUS, utilizamos cookies para varias cosas. &nbsp; \u00bfQu\u00e9 es una cookie? Una \u201ccookie\u201d es una peque\u00f1a cantidad de [&hellip;]<\/p>\n","protected":false},"author":3,"featured_media":0,"parent":0,"menu_order":0,"comment_status":"closed","ping_status":"closed","template":"","meta":{"_et_pb_use_builder":"on","_et_pb_old_content":"","_et_gb_content_width":"","footnotes":""},"class_list":["post-1357","page","type-page","status-publish","hentry"],"_links":{"self":[{"href":"https:\/\/inurritzajubilatuak.eus\/es\/wp-json\/wp\/v2\/pages\/1357","targetHints":{"allow":["GET"]}}],"collection":[{"href":"https:\/\/inurritzajubilatuak.eus\/es\/wp-json\/wp\/v2\/pages"}],"about":[{"href":"https:\/\/inurritzajubilatuak.eus\/es\/wp-json\/wp\/v2\/types\/page"}],"author":[{"embeddable":true,"href":"https:\/\/inurritzajubilatuak.eus\/es\/wp-json\/wp\/v2\/users\/3"}],"replies":[{"embeddable":true,"href":"https:\/\/inurritzajubilatuak.eus\/es\/wp-json\/wp\/v2\/comments?post=1357"}],"version-history":[{"count":10,"href":"https:\/\/inurritzajubilatuak.eus\/es\/wp-json\/wp\/v2\/pages\/1357\/revisions"}],"predecessor-version":[{"id":2801,"href":"https:\/\/inurritzajubilatuak.eus\/es\/wp-json\/wp\/v2\/pages\/1357\/revisions\/2801"}],"wp:attachment":[{"href":"https:\/\/inurritzajubilatuak.eus\/es\/wp-json\/wp\/v2\/media?parent=1357"}],"curies":[{"name":"wp","href":"https:\/\/api.w.org\/{rel}","templated":true}]}}